{"id":647,"date":"2022-12-10T17:28:51","date_gmt":"2022-12-10T16:28:51","guid":{"rendered":"https:\/\/physio-servette.crackerstech.com\/?page_id=647"},"modified":"2024-05-15T17:44:50","modified_gmt":"2024-05-15T15:44:50","slug":"legal-information","status":"publish","type":"page","link":"https:\/\/physio-servette.ch\/en\/mentions-legales\/","title":{"rendered":"Legal information"},"content":{"rendered":"<div data-elementor-type=\"wp-page\" data-elementor-id=\"647\" class=\"elementor elementor-647\" data-elementor-post-type=\"page\">\n\t\t\t\t\t\t<section class=\"elementor-section elementor-top-section elementor-element elementor-element-f72169f elementor-section-boxed elementor-section-height-default elementor-section-height-default exad-glass-effect-no exad-sticky-section-no\" data-id=\"f72169f\" data-element_type=\"section\" data-e-type=\"section\">\n\t\t\t\t\t\t<div class=\"elementor-container elementor-column-gap-default\">\n\t\t\t\t\t<div class=\"elementor-column elementor-col-100 elementor-top-column elementor-element elementor-element-2e36b4a exad-glass-effect-no exad-sticky-section-no\" data-id=\"2e36b4a\" data-element_type=\"column\" data-e-type=\"column\">\n\t\t\t<div class=\"elementor-widget-wrap elementor-element-populated\">\n\t\t\t\t\t\t<div class=\"elementor-element elementor-element-d1a0586 exad-sticky-section-no exad-glass-effect-no elementor-widget elementor-widget-heading\" data-id=\"d1a0586\" data-element_type=\"widget\" data-e-type=\"widget\" data-widget_type=\"heading.default\">\n\t\t\t\t<div class=\"elementor-widget-container\">\n\t\t\t\t\t<h1 class=\"elementor-heading-title elementor-size-default\">Legal information<\/h1>\t\t\t\t<\/div>\n\t\t\t\t<\/div>\n\t\t\t\t\t<\/div>\n\t\t<\/div>\n\t\t\t\t\t<\/div>\n\t\t<\/section>\n\t\t\t\t<section class=\"elementor-section elementor-top-section elementor-element elementor-element-4f942ade elementor-section-boxed elementor-section-height-default elementor-section-height-default exad-glass-effect-no exad-sticky-section-no\" data-id=\"4f942ade\" data-element_type=\"section\" data-e-type=\"section\">\n\t\t\t\t\t\t<div class=\"elementor-container elementor-column-gap-default\">\n\t\t\t\t\t<div class=\"elementor-column elementor-col-100 elementor-top-column elementor-element elementor-element-27bf02ce exad-glass-effect-no exad-sticky-section-no\" data-id=\"27bf02ce\" data-element_type=\"column\" data-e-type=\"column\">\n\t\t\t<div class=\"elementor-widget-wrap elementor-element-populated\">\n\t\t\t\t\t\t<div class=\"elementor-element elementor-element-7e34e40d exad-sticky-section-no exad-glass-effect-no elementor-widget elementor-widget-heading\" data-id=\"7e34e40d\" data-element_type=\"widget\" data-e-type=\"widget\" data-widget_type=\"heading.default\">\n\t\t\t\t<div class=\"elementor-widget-container\">\n\t\t\t\t\t<h2 class=\"elementor-heading-title elementor-size-default\">IDENTITY OF THE SITE<\/h2>\t\t\t\t<\/div>\n\t\t\t\t<\/div>\n\t\t\t\t<div class=\"elementor-element elementor-element-210134c0 exad-sticky-section-no exad-glass-effect-no elementor-widget elementor-widget-text-editor\" data-id=\"210134c0\" data-element_type=\"widget\" data-e-type=\"widget\" data-widget_type=\"text-editor.default\">\n\t\t\t\t<div class=\"elementor-widget-container\">\n\t\t\t\t\t\t\t\t\t<p>Website name: Centre de Physioth\u00e9rapie et d'Osth\u00e9opathie de la Servette.<\/p><p>Website address : <a href=\"https:\/\/physio-servette.ch\/en\/\">https:\/\/physio-servette.ch\/<\/a><\/p>\t\t\t\t\t\t\t\t<\/div>\n\t\t\t\t<\/div>\n\t\t\t\t<div class=\"elementor-element elementor-element-eccc4ef exad-sticky-section-no exad-glass-effect-no elementor-widget elementor-widget-text-editor\" data-id=\"eccc4ef\" data-element_type=\"widget\" data-e-type=\"widget\" data-widget_type=\"text-editor.default\">\n\t\t\t\t<div class=\"elementor-widget-container\">\n\t\t\t\t\t\t\t\t\t<p>Owner: PHYSIO HEALTH SARL<\/p><p>Publication manager: PHYSIO HEALTH SARL &amp; Cracker's Tech SARL\/S<\/p><p>Web design and search engine optimisation : <a href=\"https:\/\/crackerstech.com\/\" target=\"_blank\" rel=\"noopener\">Cracker's Tech SARL\/S<\/a><\/p>\t\t\t\t\t\t\t\t<\/div>\n\t\t\t\t<\/div>\n\t\t\t\t<div class=\"elementor-element elementor-element-2ea4fc42 exad-sticky-section-no exad-glass-effect-no elementor-widget elementor-widget-text-editor\" data-id=\"2ea4fc42\" data-element_type=\"widget\" data-e-type=\"widget\" data-widget_type=\"text-editor.default\">\n\t\t\t\t<div class=\"elementor-widget-container\">\n\t\t\t\t\t\t\t\t\t<p>Site hosting: Cracker's Tech SARL\/S IT infrastructure<span style=\"color: #0433ff;\"><span style=\"caret-color: #0433ff;\">\u00a0<a href=\"https:\/\/www.crackerstech.com\/contact\/?motif=Contacter%20le%20service%20infrastructure%20web&amp;objet=Hebergement Physio Servette\" data-wplink-url-error=\"true\" target=\"_blank\" rel=\"noopener\">Contact the hosting provider<\/a><\/span><\/span><\/p>\t\t\t\t\t\t\t\t<\/div>\n\t\t\t\t<\/div>\n\t\t\t\t<div class=\"elementor-element elementor-element-50328b2e exad-sticky-section-no exad-glass-effect-no elementor-widget elementor-widget-heading\" data-id=\"50328b2e\" data-element_type=\"widget\" data-e-type=\"widget\" data-widget_type=\"heading.default\">\n\t\t\t\t<div class=\"elementor-widget-container\">\n\t\t\t\t\t<h2 class=\"elementor-heading-title elementor-size-default\">LEGAL ENTITY<\/h2>\t\t\t\t<\/div>\n\t\t\t\t<\/div>\n\t\t\t\t<div class=\"elementor-element elementor-element-4fbd886c exad-sticky-section-no exad-glass-effect-no elementor-widget elementor-widget-text-editor\" data-id=\"4fbd886c\" data-element_type=\"widget\" data-e-type=\"widget\" data-widget_type=\"text-editor.default\">\n\t\t\t\t<div class=\"elementor-widget-container\">\n\t\t\t\t\t\t\t\t\t<p>PHYSIO HEALTH SARL - Limited Liability Company - With a capital of 20,000 Swiss francs - IDE number CHE-205.227.670<\/p><p>Telephone +41 22 918 08 98 - Rue de la Servette 57, 1202 Geneva, Switzerland<\/p>\t\t\t\t\t\t\t\t<\/div>\n\t\t\t\t<\/div>\n\t\t\t\t<div class=\"elementor-element elementor-element-57279c33 exad-sticky-section-no exad-glass-effect-no elementor-widget elementor-widget-heading\" data-id=\"57279c33\" data-element_type=\"widget\" data-e-type=\"widget\" data-widget_type=\"heading.default\">\n\t\t\t\t<div class=\"elementor-widget-container\">\n\t\t\t\t\t<h2 class=\"elementor-heading-title elementor-size-default\">CONDITIONS OF USE<\/h2>\t\t\t\t<\/div>\n\t\t\t\t<\/div>\n\t\t\t\t<div class=\"elementor-element elementor-element-6ba6b93d exad-sticky-section-no exad-glass-effect-no elementor-widget elementor-widget-text-editor\" data-id=\"6ba6b93d\" data-element_type=\"widget\" data-e-type=\"widget\" data-widget_type=\"text-editor.default\">\n\t\t\t\t<div class=\"elementor-widget-container\">\n\t\t\t\t\t\t\t\t\t<p>Use of this site implies full acceptance of the general conditions of use described below.<\/p><p>These conditions of use may be amended or supplemented at any time.<\/p>\t\t\t\t\t\t\t\t<\/div>\n\t\t\t\t<\/div>\n\t\t\t\t<div class=\"elementor-element elementor-element-474e0f37 exad-sticky-section-no exad-glass-effect-no elementor-widget elementor-widget-heading\" data-id=\"474e0f37\" data-element_type=\"widget\" data-e-type=\"widget\" data-widget_type=\"heading.default\">\n\t\t\t\t<div class=\"elementor-widget-container\">\n\t\t\t\t\t<h2 class=\"elementor-heading-title elementor-size-default\">INFORMATION<\/h2>\t\t\t\t<\/div>\n\t\t\t\t<\/div>\n\t\t\t\t<div class=\"elementor-element elementor-element-17c97cba exad-sticky-section-no exad-glass-effect-no elementor-widget elementor-widget-text-editor\" data-id=\"17c97cba\" data-element_type=\"widget\" data-e-type=\"widget\" data-widget_type=\"text-editor.default\">\n\t\t\t\t<div class=\"elementor-widget-container\">\n\t\t\t\t\t\t\t\t\t<p>The information and documents on this site are provided for information purposes only, are not exhaustive and do not engage the responsibility of the site owner.<\/p><p>The site owner cannot be held responsible for any direct or indirect damage resulting from access to the site.<\/p>\t\t\t\t\t\t\t\t<\/div>\n\t\t\t\t<\/div>\n\t\t\t\t<div class=\"elementor-element elementor-element-67ac4c5f exad-sticky-section-no exad-glass-effect-no elementor-widget elementor-widget-heading\" data-id=\"67ac4c5f\" data-element_type=\"widget\" data-e-type=\"widget\" data-widget_type=\"heading.default\">\n\t\t\t\t<div class=\"elementor-widget-container\">\n\t\t\t\t\t<h2 class=\"elementor-heading-title elementor-size-default\">INTELLECTUAL PROPERTY<\/h2>\t\t\t\t<\/div>\n\t\t\t\t<\/div>\n\t\t\t\t<div class=\"elementor-element elementor-element-708efb8e exad-sticky-section-no exad-glass-effect-no elementor-widget elementor-widget-text-editor\" data-id=\"708efb8e\" data-element_type=\"widget\" data-e-type=\"widget\" data-widget_type=\"text-editor.default\">\n\t\t\t\t<div class=\"elementor-widget-container\">\n\t\t\t\t\t\t\t\t\t<p>Unless otherwise stated, all elements accessible on the site (texts, images, graphics, logo, icons, sounds, software, etc.) remain the exclusive property of their authors, with regard to intellectual property rights or copyright rights. 'use.<\/p><p>Any reproduction, representation, modification, publication, adaptation of all or part of the elements of the site, whatever the means or process used, is prohibited without prior written authorization from the author.<\/p><p>Any unauthorised use of the site or of any of the elements it contains is considered to constitute an infringement and is liable to prosecution.<\/p><p>The trademarks and logos reproduced on the site are registered by the companies that own them.<\/p>\t\t\t\t\t\t\t\t<\/div>\n\t\t\t\t<\/div>\n\t\t\t\t<div class=\"elementor-element elementor-element-3acb781c exad-sticky-section-no exad-glass-effect-no elementor-widget elementor-widget-heading\" data-id=\"3acb781c\" data-element_type=\"widget\" data-e-type=\"widget\" data-widget_type=\"heading.default\">\n\t\t\t\t<div class=\"elementor-widget-container\">\n\t\t\t\t\t<h2 class=\"elementor-heading-title elementor-size-default\">LINKS<\/h2>\t\t\t\t<\/div>\n\t\t\t\t<\/div>\n\t\t\t\t<div class=\"elementor-element elementor-element-3f8195eb exad-sticky-section-no exad-glass-effect-no elementor-widget elementor-widget-heading\" data-id=\"3f8195eb\" data-element_type=\"widget\" data-e-type=\"widget\" data-widget_type=\"heading.default\">\n\t\t\t\t<div class=\"elementor-widget-container\">\n\t\t\t\t\t<h3 class=\"elementor-heading-title elementor-size-default\">- Outbound links<\/h3>\t\t\t\t<\/div>\n\t\t\t\t<\/div>\n\t\t\t\t<div class=\"elementor-element elementor-element-60babace exad-sticky-section-no exad-glass-effect-no elementor-widget elementor-widget-text-editor\" data-id=\"60babace\" data-element_type=\"widget\" data-e-type=\"widget\" data-widget_type=\"text-editor.default\">\n\t\t\t\t<div class=\"elementor-widget-container\">\n\t\t\t\t\t\t\t\t\t<p>The owner of the site declines all responsibility and is not committed to the referencing via hypertext links of third-party resources present on the Internet, both with regard to their content and their relevance.<\/p>\t\t\t\t\t\t\t\t<\/div>\n\t\t\t\t<\/div>\n\t\t\t\t<div class=\"elementor-element elementor-element-7c77805b exad-sticky-section-no exad-glass-effect-no elementor-widget elementor-widget-heading\" data-id=\"7c77805b\" data-element_type=\"widget\" data-e-type=\"widget\" data-widget_type=\"heading.default\">\n\t\t\t\t<div class=\"elementor-widget-container\">\n\t\t\t\t\t<h3 class=\"elementor-heading-title elementor-size-default\">- Inbound links<\/h3>\t\t\t\t<\/div>\n\t\t\t\t<\/div>\n\t\t\t\t<div class=\"elementor-element elementor-element-22b11bd0 exad-sticky-section-no exad-glass-effect-no elementor-widget elementor-widget-text-editor\" data-id=\"22b11bd0\" data-element_type=\"widget\" data-e-type=\"widget\" data-widget_type=\"text-editor.default\">\n\t\t\t\t<div class=\"elementor-widget-container\">\n\t\t\t\t\t\t\t\t\t<p>The owner of the site authorizes hypertext links to one of the pages of this site, provided that they open a new window and are presented in an unequivocal manner in order to avoid:<\/p><ul><li>any risk of confusion between the citing site and the owner of the site<\/li><li>as well as any tendentious presentation, or contrary to the laws in force.<\/li><\/ul><p>The owner of the site reserves the right to request the deletion of a link if he considers that the source site does not respect the rules thus defined.<\/p>\t\t\t\t\t\t\t\t<\/div>\n\t\t\t\t<\/div>\n\t\t\t\t<div class=\"elementor-element elementor-element-2377f6d3 exad-sticky-section-no exad-glass-effect-no elementor-widget elementor-widget-heading\" data-id=\"2377f6d3\" data-element_type=\"widget\" data-e-type=\"widget\" data-widget_type=\"heading.default\">\n\t\t\t\t<div class=\"elementor-widget-container\">\n\t\t\t\t\t<h2 class=\"elementor-heading-title elementor-size-default\">CONFIDENTIALITY<\/h2>\t\t\t\t<\/div>\n\t\t\t\t<\/div>\n\t\t\t\t<div class=\"elementor-element elementor-element-2c60ec96 exad-sticky-section-no exad-glass-effect-no elementor-widget elementor-widget-text-editor\" data-id=\"2c60ec96\" data-element_type=\"widget\" data-e-type=\"widget\" data-widget_type=\"text-editor.default\">\n\t\t\t\t<div class=\"elementor-widget-container\">\n\t\t\t\t\t\t\t\t\t<p>All users have the right to access, rectify and oppose any personal data concerning them, by making a written and signed request, accompanied by proof of identity.<\/p><p>Cookie management policy: refer to the page <a href=\"https:\/\/physio-servette.ch\/en\/legal-information\/cookie-management-policy\/\">Cookie management policy<\/a>.<\/p>\t\t\t\t\t\t\t\t<\/div>\n\t\t\t\t<\/div>\n\t\t\t\t<div class=\"elementor-element elementor-element-4432b6f9 exad-sticky-section-no exad-glass-effect-no elementor-widget elementor-widget-heading\" data-id=\"4432b6f9\" data-element_type=\"widget\" data-e-type=\"widget\" data-widget_type=\"heading.default\">\n\t\t\t\t<div class=\"elementor-widget-container\">\n\t\t\t\t\t<h2 class=\"elementor-heading-title elementor-size-default\">CREDITS<\/h2>\t\t\t\t<\/div>\n\t\t\t\t<\/div>\n\t\t\t\t<div class=\"elementor-element elementor-element-4345c184 exad-sticky-section-no exad-glass-effect-no elementor-widget elementor-widget-text-editor\" data-id=\"4345c184\" data-element_type=\"widget\" data-e-type=\"widget\" data-widget_type=\"text-editor.default\">\n\t\t\t\t<div class=\"elementor-widget-container\">\n\t\t\t\t\t\t\t\t\t<p>Bank of logos used for the design: <a href=\"https:\/\/iconduck.com\/\" target=\"_blank\" rel=\"noopener\">https:\/\/iconduck.com\/<\/a><\/p><p>Image bank used for the illustration: <a href=\"https:\/\/unsplash.com\/\" target=\"_blank\" rel=\"noopener\">https:\/\/unsplash.com\/<\/a><\/p>\t\t\t\t\t\t\t\t<\/div>\n\t\t\t\t<\/div>\n\t\t\t\t<div class=\"elementor-element elementor-element-2e7e074c exad-sticky-section-no exad-glass-effect-no elementor-widget elementor-widget-heading\" data-id=\"2e7e074c\" data-element_type=\"widget\" data-e-type=\"widget\" data-widget_type=\"heading.default\">\n\t\t\t\t<div class=\"elementor-widget-container\">\n\t\t\t\t\t<h2 class=\"elementor-heading-title elementor-size-default\">LEGAL REFERENCES<\/h2>\t\t\t\t<\/div>\n\t\t\t\t<\/div>\n\t\t\t\t<div class=\"elementor-element elementor-element-2e6052f6 exad-sticky-section-no exad-glass-effect-no elementor-widget elementor-widget-text-editor\" data-id=\"2e6052f6\" data-element_type=\"widget\" data-e-type=\"widget\" data-widget_type=\"text-editor.default\">\n\t\t\t\t<div class=\"elementor-widget-container\">\n\t\t\t\t\t\t\t\t\t<ol><li style=\"text-align: left;\">Law on copyright and related rights (LDA).<\/li><li style=\"text-align: left;\">Article 35 of the Data Protection Act (DPA).<\/li><li style=\"text-align: left;\">European Directive of 24 October 1995.<\/li><li style=\"text-align: left;\">Trademark Protection Act (LPM).<\/li><li><a href=\"https:\/\/www.bj.admin.ch\/bj\/fr\/home\/sicherheit\/gesetzgebung\/archiv\/cybercrime-europarat.html\" target=\"_blank\" rel=\"noopener\">Convention on Cybercrime of the Swiss and European Confederation<\/a>.<\/li><\/ol>\t\t\t\t\t\t\t\t<\/div>\n\t\t\t\t<\/div>\n\t\t\t\t\t<\/div>\n\t\t<\/div>\n\t\t\t\t\t<\/div>\n\t\t<\/section>\n\t\t\t\t<section class=\"elementor-section elementor-top-section elementor-element elementor-element-f3bc91e elementor-section-boxed elementor-section-height-default elementor-section-height-default exad-glass-effect-no exad-sticky-section-no\" data-id=\"f3bc91e\" data-element_type=\"section\" data-e-type=\"section\">\n\t\t\t\t\t\t<div class=\"elementor-container elementor-column-gap-default\">\n\t\t\t\t\t<section class=\"elementor-column elementor-col-100 elementor-top-column elementor-element elementor-element-cd46df9 exad-glass-effect-no exad-sticky-section-no\" data-id=\"cd46df9\" data-element_type=\"column\" data-e-type=\"column\">\n\t\t\t<div class=\"elementor-widget-wrap elementor-element-populated\">\n\t\t\t\t\t\t<div class=\"elementor-element elementor-element-a6ca733 animated-fast exad-sticky-section-no exad-glass-effect-no elementor-invisible elementor-widget elementor-widget-text-editor\" data-id=\"a6ca733\" data-element_type=\"widget\" data-e-type=\"widget\" data-settings=\"{&quot;_animation&quot;:&quot;zoomIn&quot;,&quot;_animation_tablet&quot;:&quot;zoomIn&quot;,&quot;_animation_mobile&quot;:&quot;zoomIn&quot;}\" data-widget_type=\"text-editor.default\">\n\t\t\t\t<div class=\"elementor-widget-container\">\n\t\t\t\t\t\t\t\t\t<p class=\"has-text-align-center\"><span style=\"color: #000000;\"><em>This document was updated on December 19, 2023.<\/em><\/span><\/p><p class=\"has-text-align-center\"><em><span style=\"color: #000000;\"> Document certified as conforming to use by:\u00a0<\/span><\/em><\/p><p class=\"has-text-align-center\"><em><span style=\"color: #ffcc00;\"><a style=\"color: #ffcc00;\" href=\"https:\/\/redacteurs-legaux-juridiques.com\/\" target=\"_blank\" rel=\"noopener\">RLJ - Legal writers<\/a><\/span><\/em><\/p><p class=\"has-text-align-center\"><em><span style=\"color: #000000;\">Specialists in legal content writing.<\/span><\/em><\/p><p><a href=\"https:\/\/redacteurs-legaux-juridiques.com\/\" target=\"_blank\" rel=\"noopener\"><img decoding=\"async\" class=\"wp-image-4997\" src=\"https:\/\/crackerstech.com\/wp-content\/uploads\/2023\/06\/RLJ-Redaction-Juridique-300x107.png\" alt=\"RLJ logo - Legal writers\" width=\"118\" height=\"42\" \/><\/a> \u00a0<\/p>\t\t\t\t\t\t\t\t<\/div>\n\t\t\t\t<\/div>\n\t\t\t\t\t<\/div>\n\t\t<\/section>\n\t\t\t\t\t<\/div>\n\t\t<\/section>\n\t\t\t\t<\/div>","protected":false},"excerpt":{"rendered":"<p>Mentions l\u00e9gales IDENTIT\u00c9 DU SITE Nom du site web : Centre de Physioth\u00e9rapie et d&rsquo;Osth\u00e9opathie de la Servette. Adresse du site : https:\/\/physio-servette.ch\/ Propri\u00e9taire : PHYSIO HEALTH SARL Responsable de publication : PHYSIO HEALTH SARL &amp; Cracker&rsquo;s Tech SARL\/S Webdesign et r\u00e9f\u00e9rencement : Cracker&rsquo;s Tech SARL\/S H\u00e9bergement du site : Infrastructure informatique de Cracker&rsquo;s Tech [&hellip;]<\/p>\n","protected":false},"author":1,"featured_media":3259,"parent":0,"menu_order":0,"comment_status":"closed","ping_status":"closed","template":"elementor_header_footer","meta":{"_monsterinsights_skip_tracking":false,"_monsterinsights_sitenote_active":false,"_monsterinsights_sitenote_note":"","_monsterinsights_sitenote_category":0,"footnotes":""},"class_list":["post-647","page","type-page","status-publish","has-post-thumbnail","hentry"],"_links":{"self":[{"href":"https:\/\/physio-servette.ch\/en\/wp-json\/wp\/v2\/pages\/647","targetHints":{"allow":["GET"]}}],"collection":[{"href":"https:\/\/physio-servette.ch\/en\/wp-json\/wp\/v2\/pages"}],"about":[{"href":"https:\/\/physio-servette.ch\/en\/wp-json\/wp\/v2\/types\/page"}],"author":[{"embeddable":true,"href":"https:\/\/physio-servette.ch\/en\/wp-json\/wp\/v2\/users\/1"}],"replies":[{"embeddable":true,"href":"https:\/\/physio-servette.ch\/en\/wp-json\/wp\/v2\/comments?post=647"}],"version-history":[{"count":0,"href":"https:\/\/physio-servette.ch\/en\/wp-json\/wp\/v2\/pages\/647\/revisions"}],"wp:featuredmedia":[{"embeddable":true,"href":"https:\/\/physio-servette.ch\/en\/wp-json\/wp\/v2\/media\/3259"}],"wp:attachment":[{"href":"https:\/\/physio-servette.ch\/en\/wp-json\/wp\/v2\/media?parent=647"}],"curies":[{"name":"wp","href":"https:\/\/api.w.org\/{rel}","templated":true}]}}