{"id":939,"date":"2023-01-12T16:38:57","date_gmt":"2023-01-12T15:38:57","guid":{"rendered":"https:\/\/physio-servette.crackerstech.com\/?page_id=939"},"modified":"2024-05-15T17:27:03","modified_gmt":"2024-05-15T15:27:03","slug":"accessibility-policy","status":"publish","type":"page","link":"https:\/\/physio-servette.ch\/en\/legal-information\/accessibility-policy\/","title":{"rendered":"Accessibility Policy"},"content":{"rendered":"<div data-elementor-type=\"wp-page\" data-elementor-id=\"939\" class=\"elementor elementor-939\" data-elementor-post-type=\"page\">\n\t\t\t\t\t\t<section class=\"elementor-section elementor-top-section elementor-element elementor-element-f72169f elementor-section-boxed elementor-section-height-default elementor-section-height-default exad-glass-effect-no exad-sticky-section-no\" data-id=\"f72169f\" data-element_type=\"section\" data-e-type=\"section\">\n\t\t\t\t\t\t<div class=\"elementor-container elementor-column-gap-default\">\n\t\t\t\t\t<div class=\"elementor-column elementor-col-100 elementor-top-column elementor-element elementor-element-2e36b4a exad-glass-effect-no exad-sticky-section-no\" data-id=\"2e36b4a\" data-element_type=\"column\" data-e-type=\"column\">\n\t\t\t<div class=\"elementor-widget-wrap elementor-element-populated\">\n\t\t\t\t\t\t<div class=\"elementor-element elementor-element-d1a0586 exad-sticky-section-no exad-glass-effect-no elementor-widget elementor-widget-heading\" data-id=\"d1a0586\" data-element_type=\"widget\" data-e-type=\"widget\" data-widget_type=\"heading.default\">\n\t\t\t\t<div class=\"elementor-widget-container\">\n\t\t\t\t\t<h1 class=\"elementor-heading-title elementor-size-default\">Accessibility Policy<\/h1>\t\t\t\t<\/div>\n\t\t\t\t<\/div>\n\t\t\t\t\t<\/div>\n\t\t<\/div>\n\t\t\t\t\t<\/div>\n\t\t<\/section>\n\t\t\t\t<section class=\"elementor-section elementor-top-section elementor-element elementor-element-4f942ade elementor-section-boxed elementor-section-height-default elementor-section-height-default exad-glass-effect-no exad-sticky-section-no\" data-id=\"4f942ade\" data-element_type=\"section\" data-e-type=\"section\">\n\t\t\t\t\t\t<div class=\"elementor-container elementor-column-gap-default\">\n\t\t\t\t\t<div class=\"elementor-column elementor-col-100 elementor-top-column elementor-element elementor-element-27bf02ce exad-glass-effect-no exad-sticky-section-no\" data-id=\"27bf02ce\" data-element_type=\"column\" data-e-type=\"column\">\n\t\t\t<div class=\"elementor-widget-wrap elementor-element-populated\">\n\t\t\t\t\t\t<div class=\"elementor-element elementor-element-7e34e40d exad-sticky-section-no exad-glass-effect-no elementor-widget elementor-widget-heading\" data-id=\"7e34e40d\" data-element_type=\"widget\" data-e-type=\"widget\" data-widget_type=\"heading.default\">\n\t\t\t\t<div class=\"elementor-widget-container\">\n\t\t\t\t\t<h2 class=\"elementor-heading-title elementor-size-default\">Definition<\/h2>\t\t\t\t<\/div>\n\t\t\t\t<\/div>\n\t\t\t\t<div class=\"elementor-element elementor-element-210134c0 exad-sticky-section-no exad-glass-effect-no elementor-widget elementor-widget-text-editor\" data-id=\"210134c0\" data-element_type=\"widget\" data-e-type=\"widget\" data-widget_type=\"text-editor.default\">\n\t\t\t\t<div class=\"elementor-widget-container\">\n\t\t\t\t\t\t\t\t\t<p>According to the definition of web accessibility, by Tim Berners-Lee, the director of the W3C and inventor of the World Wide Web, is:<\/p><p>\"Making the Web and its services available to all individuals, regardless of their hardware or software, network infrastructure, native language, culture, geographic location, or physical or mental abilities\".<\/p><p>\u00a0<\/p>\t\t\t\t\t\t\t\t<\/div>\n\t\t\t\t<\/div>\n\t\t\t\t<div class=\"elementor-element elementor-element-50328b2e exad-sticky-section-no exad-glass-effect-no elementor-widget elementor-widget-heading\" data-id=\"50328b2e\" data-element_type=\"widget\" data-e-type=\"widget\" data-widget_type=\"heading.default\">\n\t\t\t\t<div class=\"elementor-widget-container\">\n\t\t\t\t\t<h2 class=\"elementor-heading-title elementor-size-default\">Relative font sizes<\/h2>\t\t\t\t<\/div>\n\t\t\t\t<\/div>\n\t\t\t\t<div class=\"elementor-element elementor-element-4fbd886c exad-sticky-section-no exad-glass-effect-no elementor-widget elementor-widget-text-editor\" data-id=\"4fbd886c\" data-element_type=\"widget\" data-e-type=\"widget\" data-widget_type=\"text-editor.default\">\n\t\t\t\t<div class=\"elementor-widget-container\">\n\t\t\t\t\t\t\t\t\t<p>The site uses relative font sizes to allow you to adapt the size of the characters displayed using your browser controls.<br \/>You can adjust the character size to your liking, however beyond a certain size, certain elements may overlap and make reading difficult.<\/p>\t\t\t\t\t\t\t\t<\/div>\n\t\t\t\t<\/div>\n\t\t\t\t<div class=\"elementor-element elementor-element-57279c33 exad-sticky-section-no exad-glass-effect-no elementor-widget elementor-widget-heading\" data-id=\"57279c33\" data-element_type=\"widget\" data-e-type=\"widget\" data-widget_type=\"heading.default\">\n\t\t\t\t<div class=\"elementor-widget-container\">\n\t\t\t\t\t<h2 class=\"elementor-heading-title elementor-size-default\">Relative content and sizing<\/h2>\t\t\t\t<\/div>\n\t\t\t\t<\/div>\n\t\t\t\t<div class=\"elementor-element elementor-element-6ba6b93d exad-sticky-section-no exad-glass-effect-no elementor-widget elementor-widget-text-editor\" data-id=\"6ba6b93d\" data-element_type=\"widget\" data-e-type=\"widget\" data-widget_type=\"text-editor.default\">\n\t\t\t\t<div class=\"elementor-widget-container\">\n\t\t\t\t\t\t\t\t\t<p class=\"p1\">This website aims to be as accessible as possible but is not perfect.<\/p><p class=\"p1\">Compliance with standards: this site complies with the standards of\u00a0<a href=\"http:\/\/www.w3.org\/\" rel=\"external noopener\" target=\"_blank\">W3C<\/a> in terms of web page development. Only the main pages (home, contacts, site map, search engine, etc. and some content pages) were tested.<\/p><p>The sizes of the blocks making up the page (menus, content, etc.) are expressed in relative units, their dimensions therefore adapt to the content.<\/p><p>Character sizes are defined with proportional units, meaning you can change the character size to your liking using the features of your browser:<\/p><ul><li>in most browsers: <kbd>Ctrl<\/kbd> + \u201cmouse wheel\u201d works correctly,<\/li><li>Internet Explorer: \u201cView\u201d menu -&gt; \u201cText size\u201d and choose the size that suits you,<\/li><li>Mozilla, Firefox or Netscape: do <kbd>Ctrl<\/kbd> + <kbd>+<\/kbd> to enlarge the text and <kbd>Ctrl<\/kbd> + <kbd>-<\/kbd> to reduce it,<\/li><li>Opera: press the keys <kbd>+<\/kbd> or <kbd>-<\/kbd> on the numeric keypad, go to the \u201cDisplay\u201d -&gt; \u201cZoom\u201d menu and choose the zoom level that suits you.<\/li><\/ul><p>\u00a0<\/p><p>Using these keyboard shortcuts depends on your browser and operating system:<\/p><p>\u00a0<\/p><p>For Windows:<\/p><ul><li>Goocle Chrome, Mozilla Firefox, Safari, Netscape : <kbd>Alt<\/kbd> + <kbd>Shift<\/kbd>, then \u201cKeyboard shortcut\u201d<\/li><li>Internet Explorer : <kbd>Alt<\/kbd> + \u201cKeyboard shortcut\u201d, then <kbd>Enter key<\/kbd><\/li><li>Opera : <kbd>Esc<\/kbd> (escape) + <kbd>Shift<\/kbd> (uppercase), then \u201cKeyboard shortcut\u201d.<\/li><\/ul><p>\u00a0<\/p><p>For Macintosh:<\/p><ul><li>Mozilla, Netscape : <kbd>Ctrl<\/kbd> + \u201cKeyboard shortcut\u201d<\/li><li>Internet Explorer, Safari : <kbd>Ctrl<\/kbd> + \u201cKeyboard shortcut\u201d, then <kbd>Enter key<\/kbd><\/li><li>Opera : <kbd>Esc<\/kbd> (escape) + <kbd>Shift<\/kbd> (uppercase), then \u201cKeyboard shortcut\u201d<\/li><\/ul><p>\u00a0<\/p><p>For Linux:<\/p><ul><li>Mozilla Firefox : <kbd>Alt<\/kbd> + \u201cKeyboard shortcut\u201d<\/li><li>Konqueror (3.3 or +) : <kbd>Ctrl<\/kbd>, then \u201cKeyboard shortcut\u201d<\/li><li>Opera 7 : <kbd>Esc<\/kbd> (escape) + <kbd>Shift<\/kbd> (uppercase), then \u201cKeyboard shortcut\u201d<\/li><\/ul>\t\t\t\t\t\t\t\t<\/div>\n\t\t\t\t<\/div>\n\t\t\t\t\t<\/div>\n\t\t<\/div>\n\t\t\t\t\t<\/div>\n\t\t<\/section>\n\t\t\t\t<\/div>","protected":false},"excerpt":{"rendered":"<p>Politique d&rsquo;Accessibilit\u00e9 D\u00e9finition Selon la d\u00e9finition de l\u2019accessibilit\u00e9 du Web, par Tim Berners-Lee, le directeur du W3C et inventeur du World Wide Web, est la suivante : \u00ab Mettre le Web et ses services \u00e0 la disposition de tous les individus, quel que soit leur mat\u00e9riel ou logiciel, leur infrastructure r\u00e9seau, leur langue maternelle, leur [&hellip;]<\/p>\n","protected":false},"author":1,"featured_media":3259,"parent":647,"menu_order":0,"comment_status":"closed","ping_status":"closed","template":"elementor_header_footer","meta":{"_monsterinsights_skip_tracking":false,"_monsterinsights_sitenote_active":false,"_monsterinsights_sitenote_note":"","_monsterinsights_sitenote_category":0,"footnotes":""},"class_list":["post-939","page","type-page","status-publish","has-post-thumbnail","hentry"],"_links":{"self":[{"href":"https:\/\/physio-servette.ch\/en\/wp-json\/wp\/v2\/pages\/939","targetHints":{"allow":["GET"]}}],"collection":[{"href":"https:\/\/physio-servette.ch\/en\/wp-json\/wp\/v2\/pages"}],"about":[{"href":"https:\/\/physio-servette.ch\/en\/wp-json\/wp\/v2\/types\/page"}],"author":[{"embeddable":true,"href":"https:\/\/physio-servette.ch\/en\/wp-json\/wp\/v2\/users\/1"}],"replies":[{"embeddable":true,"href":"https:\/\/physio-servette.ch\/en\/wp-json\/wp\/v2\/comments?post=939"}],"version-history":[{"count":0,"href":"https:\/\/physio-servette.ch\/en\/wp-json\/wp\/v2\/pages\/939\/revisions"}],"up":[{"embeddable":true,"href":"https:\/\/physio-servette.ch\/en\/wp-json\/wp\/v2\/pages\/647"}],"wp:featuredmedia":[{"embeddable":true,"href":"https:\/\/physio-servette.ch\/en\/wp-json\/wp\/v2\/media\/3259"}],"wp:attachment":[{"href":"https:\/\/physio-servette.ch\/en\/wp-json\/wp\/v2\/media?parent=939"}],"curies":[{"name":"wp","href":"https:\/\/api.w.org\/{rel}","templated":true}]}}