{"id":951,"date":"2023-01-12T16:46:11","date_gmt":"2023-01-12T15:46:11","guid":{"rendered":"https:\/\/physio-servette.crackerstech.com\/?page_id=951"},"modified":"2024-05-15T17:24:11","modified_gmt":"2024-05-15T15:24:11","slug":"cookie-management-policy","status":"publish","type":"page","link":"https:\/\/physio-servette.ch\/en\/legal-information\/cookie-management-policy\/","title":{"rendered":"Cookie management policy"},"content":{"rendered":"<div data-elementor-type=\"wp-page\" data-elementor-id=\"951\" class=\"elementor elementor-951\" data-elementor-post-type=\"page\">\n\t\t\t\t\t\t<section class=\"elementor-section elementor-top-section elementor-element elementor-element-f72169f elementor-section-boxed elementor-section-height-default elementor-section-height-default exad-glass-effect-no exad-sticky-section-no\" data-id=\"f72169f\" data-element_type=\"section\" data-e-type=\"section\">\n\t\t\t\t\t\t<div class=\"elementor-container elementor-column-gap-default\">\n\t\t\t\t\t<div class=\"elementor-column elementor-col-100 elementor-top-column elementor-element elementor-element-2e36b4a exad-glass-effect-no exad-sticky-section-no\" data-id=\"2e36b4a\" data-element_type=\"column\" data-e-type=\"column\">\n\t\t\t<div class=\"elementor-widget-wrap elementor-element-populated\">\n\t\t\t\t\t\t<div class=\"elementor-element elementor-element-d1a0586 exad-sticky-section-no exad-glass-effect-no elementor-widget elementor-widget-heading\" data-id=\"d1a0586\" data-element_type=\"widget\" data-e-type=\"widget\" data-widget_type=\"heading.default\">\n\t\t\t\t<div class=\"elementor-widget-container\">\n\t\t\t\t\t<h1 class=\"elementor-heading-title elementor-size-default\">Cookie management policy<\/h1>\t\t\t\t<\/div>\n\t\t\t\t<\/div>\n\t\t\t\t\t<\/div>\n\t\t<\/div>\n\t\t\t\t\t<\/div>\n\t\t<\/section>\n\t\t\t\t<section class=\"elementor-section elementor-top-section elementor-element elementor-element-4f942ade elementor-section-boxed elementor-section-height-default elementor-section-height-default exad-glass-effect-no exad-sticky-section-no\" data-id=\"4f942ade\" data-element_type=\"section\" data-e-type=\"section\">\n\t\t\t\t\t\t<div class=\"elementor-container elementor-column-gap-default\">\n\t\t\t\t\t<div class=\"elementor-column elementor-col-100 elementor-top-column elementor-element elementor-element-27bf02ce exad-glass-effect-no exad-sticky-section-no\" data-id=\"27bf02ce\" data-element_type=\"column\" data-e-type=\"column\">\n\t\t\t<div class=\"elementor-widget-wrap elementor-element-populated\">\n\t\t\t\t\t\t<div class=\"elementor-element elementor-element-7e34e40d exad-sticky-section-no exad-glass-effect-no elementor-widget elementor-widget-heading\" data-id=\"7e34e40d\" data-element_type=\"widget\" data-e-type=\"widget\" data-widget_type=\"heading.default\">\n\t\t\t\t<div class=\"elementor-widget-container\">\n\t\t\t\t\t<h2 class=\"elementor-heading-title elementor-size-default\">Definition of a cookie<\/h2>\t\t\t\t<\/div>\n\t\t\t\t<\/div>\n\t\t\t\t<div class=\"elementor-element elementor-element-210134c0 exad-sticky-section-no exad-glass-effect-no elementor-widget elementor-widget-text-editor\" data-id=\"210134c0\" data-element_type=\"widget\" data-e-type=\"widget\" data-widget_type=\"text-editor.default\">\n\t\t\t\t<div class=\"elementor-widget-container\">\n\t\t\t\t\t\t\t\t\t<p style=\"caret-color: #000000; color: #000000; text-align: justify;\">\"A cookie is a small text file in alphanumeric format that is placed on the Internet user's terminal (Internet browser, computer, mobile device, etc.) by the server of the online service used (the website visited) or by a third-party server. Such a cookie makes it possible, in particular, to recognise a visitor when he or she returns to the website, to remember the language that the internet user had chosen during a previous visit or, in the case of shopping services, the products that he or she had placed in his or her shopping basket during a previous shopping session\".<\/p><p style=\"caret-color: #000000; color: #000000; text-align: justify;\"><span style=\"text-decoration: underline;\"><a href=\"https:\/\/www.fedlex.admin.ch\/eli\/cc\/1993\/1945_1945_1945\/fr#a3\" target=\"_blank\" rel=\"noopener\">See the full article on the Plateforme de Publication du Droit F\u00e9d\u00e9ral website<\/a>.<\/span><\/p><p>\u00a0<\/p>\t\t\t\t\t\t\t\t<\/div>\n\t\t\t\t<\/div>\n\t\t\t\t<div class=\"elementor-element elementor-element-50328b2e exad-sticky-section-no exad-glass-effect-no elementor-widget elementor-widget-heading\" data-id=\"50328b2e\" data-element_type=\"widget\" data-e-type=\"widget\" data-widget_type=\"heading.default\">\n\t\t\t\t<div class=\"elementor-widget-container\">\n\t\t\t\t\t<h2 class=\"elementor-heading-title elementor-size-default\">Cookies used<\/h2>\t\t\t\t<\/div>\n\t\t\t\t<\/div>\n\t\t\t\t<div class=\"elementor-element elementor-element-4fbd886c exad-sticky-section-no exad-glass-effect-no elementor-widget elementor-widget-text-editor\" data-id=\"4fbd886c\" data-element_type=\"widget\" data-e-type=\"widget\" data-widget_type=\"text-editor.default\">\n\t\t\t\t<div class=\"elementor-widget-container\">\n\t\t\t\t\t\t\t\t\t<p>The site is designed to be particularly attentive to visitors' needs. To this end, it uses a number of cookies.<\/p><p>The deposit of cookies as part of the use of the site does not allow the visitor to be identified personally. It records information relating to the navigation of the visitor's terminal within the site, which may be read during subsequent visits.<\/p><p>The information collected is for the exclusive use of Physio Health SARL and its subsidiaries or its technical service providers (in particular its web service provider Cracker's Tech SARL\/S), and is under no circumstances passed on to third parties or advertisers.<\/p><p>The cookies used are exclusively for this purpose:<\/p><ul><li>to compile visitor statistics in order to improve the site.<\/li><li>to offer you high-quality content that is relevant to your expectations.<\/li><li>secure Physio Health's IT infrastructure and web environment.<\/li><\/ul>\t\t\t\t\t\t\t\t<\/div>\n\t\t\t\t<\/div>\n\t\t\t\t<div class=\"elementor-element elementor-element-57279c33 exad-sticky-section-no exad-glass-effect-no elementor-widget elementor-widget-heading\" data-id=\"57279c33\" data-element_type=\"widget\" data-e-type=\"widget\" data-widget_type=\"heading.default\">\n\t\t\t\t<div class=\"elementor-widget-container\">\n\t\t\t\t\t<h2 class=\"elementor-heading-title elementor-size-default\">Third-party cookies<\/h2>\t\t\t\t<\/div>\n\t\t\t\t<\/div>\n\t\t\t\t<div class=\"elementor-element elementor-element-d4434d9 exad-sticky-section-no exad-glass-effect-no elementor-widget elementor-widget-heading\" data-id=\"d4434d9\" data-element_type=\"widget\" data-e-type=\"widget\" data-widget_type=\"heading.default\">\n\t\t\t\t<div class=\"elementor-widget-container\">\n\t\t\t\t\t<h3 class=\"elementor-heading-title elementor-size-default\">Complete list of third-party cookies<\/h3>\t\t\t\t<\/div>\n\t\t\t\t<\/div>\n\t\t\t\t<div class=\"elementor-element elementor-element-6ba6b93d exad-sticky-section-no exad-glass-effect-no elementor-widget elementor-widget-text-editor\" data-id=\"6ba6b93d\" data-element_type=\"widget\" data-e-type=\"widget\" data-widget_type=\"text-editor.default\">\n\t\t\t\t<div class=\"elementor-widget-container\">\n\t\t\t\t\t\t\t\t\t<div class=\"table-responsive\"><table class=\"table table-bordered\" role=\"presentation\"><tbody><tr><td class=\"text-align-center\"><strong>Name<\/strong><\/td><td class=\"text-align-center\"><strong>Type (Internal \/ external)<\/strong><\/td><td class=\"text-align-center\"><strong>Purpose<\/strong><\/td><td class=\"text-align-center\"><strong>Maximum shelf life<\/strong><\/td><\/tr><tr><td class=\"text-align-center\">Google reCAPTCHA<\/td><td class=\"text-align-center\">PLC (external)<\/td><td class=\"text-align-center\">We use the reCAPTCHA service from Google Inc (Google) to protect form entries on our site. The latter may deposit cookies to enable its operation.<\/td><td class=\"text-align-center\">13 months<\/td><\/tr><\/tbody><\/table><\/div>\t\t\t\t\t\t\t\t<\/div>\n\t\t\t\t<\/div>\n\t\t\t\t<div class=\"elementor-element elementor-element-316bbba exad-sticky-section-no exad-glass-effect-no elementor-widget elementor-widget-heading\" data-id=\"316bbba\" data-element_type=\"widget\" data-e-type=\"widget\" data-widget_type=\"heading.default\">\n\t\t\t\t<div class=\"elementor-widget-container\">\n\t\t\t\t\t<h3 class=\"elementor-heading-title elementor-size-default\">Information and consent to cookies<\/h3>\t\t\t\t<\/div>\n\t\t\t\t<\/div>\n\t\t\t\t<div class=\"elementor-element elementor-element-9cb4e79 exad-sticky-section-no exad-glass-effect-no elementor-widget elementor-widget-text-editor\" data-id=\"9cb4e79\" data-element_type=\"widget\" data-e-type=\"widget\" data-widget_type=\"text-editor.default\">\n\t\t\t\t<div class=\"elementor-widget-container\">\n\t\t\t\t\t\t\t\t\t<p>The purposes of all cookies are set out in the table above.<\/p><p>The user's consent is not required insofar as they accept the website's General Terms and Conditions simply by browsing. The only two cookies placed are used solely to combat form spam and to study the referencing of this site.<\/p><p>Visitors may also configure their browser software so that cookies are stored on their terminal or, conversely, so that they are rejected, either systematically or depending on the sender. Visitors can also configure their browser software so that they are offered the option of accepting or rejecting cookies from time to time, before a cookie is likely to be stored on their terminal. Each browser has a different configuration for managing cookies and visitor choices. This is described in the browser's help menu, which will enable visitors to find out how to modify their cookie preferences. Visitors can choose to express and modify their cookie preferences at any time.<\/p>\t\t\t\t\t\t\t\t<\/div>\n\t\t\t\t<\/div>\n\t\t\t\t<div class=\"elementor-element elementor-element-595c738 exad-sticky-section-no exad-glass-effect-no elementor-widget elementor-widget-heading\" data-id=\"595c738\" data-element_type=\"widget\" data-e-type=\"widget\" data-widget_type=\"heading.default\">\n\t\t\t\t<div class=\"elementor-widget-container\">\n\t\t\t\t\t<h3 class=\"elementor-heading-title elementor-size-default\">Information on right of access<\/h3>\t\t\t\t<\/div>\n\t\t\t\t<\/div>\n\t\t\t\t<div class=\"elementor-element elementor-element-74fae27 exad-sticky-section-no exad-glass-effect-no elementor-widget elementor-widget-text-editor\" data-id=\"74fae27\" data-element_type=\"widget\" data-e-type=\"widget\" data-widget_type=\"text-editor.default\">\n\t\t\t\t<div class=\"elementor-widget-container\">\n\t\t\t\t\t\t\t\t\t<p>In accordance with the provisions of Regulation (EU) 2016\/679 of the European Parliament and of the Council of 27 April 2016 on the protection of individuals with regard to the processing of personal data and on the free movement of such data and the amended French Data Protection Act (Loi Informatique et Libert\u00e9s) of 6 January 1978, visitors are informed that they have a right of access to personal information concerning them, a right of rectification, a right to withdraw their consent and a right to delete said information. These rights may be exercised:<\/p><ul><li>on written request, by e-mail, to the dedicated address of our host: <a class=\"mailto-link\">rgpd@crackerstech.com<\/a><\/li><\/ul>\t\t\t\t\t\t\t\t<\/div>\n\t\t\t\t<\/div>\n\t\t\t\t\t<\/div>\n\t\t<\/div>\n\t\t\t\t\t<\/div>\n\t\t<\/section>\n\t\t\t\t<section class=\"elementor-section elementor-top-section elementor-element elementor-element-1e25822 elementor-section-boxed elementor-section-height-default elementor-section-height-default exad-glass-effect-no exad-sticky-section-no\" data-id=\"1e25822\" data-element_type=\"section\" data-e-type=\"section\">\n\t\t\t\t\t\t<div class=\"elementor-container elementor-column-gap-default\">\n\t\t\t\t\t<section class=\"elementor-column elementor-col-100 elementor-top-column elementor-element elementor-element-28f7c48 exad-glass-effect-no exad-sticky-section-no\" data-id=\"28f7c48\" data-element_type=\"column\" data-e-type=\"column\">\n\t\t\t<div class=\"elementor-widget-wrap elementor-element-populated\">\n\t\t\t\t\t\t<div class=\"elementor-element elementor-element-84cf0f6 animated-fast exad-sticky-section-no exad-glass-effect-no elementor-invisible elementor-widget elementor-widget-text-editor\" data-id=\"84cf0f6\" data-element_type=\"widget\" data-e-type=\"widget\" data-settings=\"{&quot;_animation&quot;:&quot;zoomIn&quot;,&quot;_animation_tablet&quot;:&quot;zoomIn&quot;,&quot;_animation_mobile&quot;:&quot;zoomIn&quot;}\" data-widget_type=\"text-editor.default\">\n\t\t\t\t<div class=\"elementor-widget-container\">\n\t\t\t\t\t\t\t\t\t<p class=\"has-text-align-center\"><span style=\"color: #000000;\"><em>This document was updated on December 19, 2023.<\/em><\/span><\/p><p class=\"has-text-align-center\"><em><span style=\"color: #000000;\"> Document certified as conforming to use by:\u00a0<\/span><\/em><\/p><p class=\"has-text-align-center\"><em><span style=\"color: #ffcc00;\"><a style=\"color: #ffcc00;\" href=\"https:\/\/redacteurs-legaux-juridiques.com\/\" target=\"_blank\" rel=\"noopener\">RLJ - Legal writers<\/a><\/span><\/em><\/p><p class=\"has-text-align-center\"><em><span style=\"color: #000000;\">Specialists in legal content writing.<\/span><\/em><\/p><p><a href=\"https:\/\/redacteurs-legaux-juridiques.com\/\" target=\"_blank\" rel=\"noopener\"><img decoding=\"async\" class=\"wp-image-4997\" src=\"https:\/\/crackerstech.com\/wp-content\/uploads\/2023\/06\/RLJ-Redaction-Juridique-300x107.png\" alt=\"RLJ logo - Legal writers\" width=\"118\" height=\"42\" \/><\/a> \u00a0<\/p>\t\t\t\t\t\t\t\t<\/div>\n\t\t\t\t<\/div>\n\t\t\t\t\t<\/div>\n\t\t<\/section>\n\t\t\t\t\t<\/div>\n\t\t<\/section>\n\t\t\t\t<\/div>","protected":false},"excerpt":{"rendered":"<p>Politique de gestion des cookies D\u00e9finition d&rsquo;un cookie \u00ab\u00a0Un cookie d\u00e9signe un petit fichier texte au format alphanum\u00e9rique qui est d\u00e9pos\u00e9 sur le terminal de l\u2019internaute (navigateur internet, ordinateur, appareil mobile, etc.) par le serveur du service en ligne utilis\u00e9 (le site internet visit\u00e9) ou par un serveur tiers.\u00a0Un tel cookie permet notamment de reconna\u00eetre [&hellip;]<\/p>\n","protected":false},"author":1,"featured_media":0,"parent":647,"menu_order":0,"comment_status":"closed","ping_status":"closed","template":"elementor_header_footer","meta":{"_monsterinsights_skip_tracking":false,"_monsterinsights_sitenote_active":false,"_monsterinsights_sitenote_note":"","_monsterinsights_sitenote_category":0,"footnotes":""},"class_list":["post-951","page","type-page","status-publish","hentry"],"_links":{"self":[{"href":"https:\/\/physio-servette.ch\/en\/wp-json\/wp\/v2\/pages\/951","targetHints":{"allow":["GET"]}}],"collection":[{"href":"https:\/\/physio-servette.ch\/en\/wp-json\/wp\/v2\/pages"}],"about":[{"href":"https:\/\/physio-servette.ch\/en\/wp-json\/wp\/v2\/types\/page"}],"author":[{"embeddable":true,"href":"https:\/\/physio-servette.ch\/en\/wp-json\/wp\/v2\/users\/1"}],"replies":[{"embeddable":true,"href":"https:\/\/physio-servette.ch\/en\/wp-json\/wp\/v2\/comments?post=951"}],"version-history":[{"count":0,"href":"https:\/\/physio-servette.ch\/en\/wp-json\/wp\/v2\/pages\/951\/revisions"}],"up":[{"embeddable":true,"href":"https:\/\/physio-servette.ch\/en\/wp-json\/wp\/v2\/pages\/647"}],"wp:attachment":[{"href":"https:\/\/physio-servette.ch\/en\/wp-json\/wp\/v2\/media?parent=951"}],"curies":[{"name":"wp","href":"https:\/\/api.w.org\/{rel}","templated":true}]}}